{"id":101,"date":"2026-04-08T08:57:11","date_gmt":"2026-04-08T08:57:11","guid":{"rendered":"https:\/\/microsurgi.eu\/?page_id=101"},"modified":"2026-04-15T15:21:00","modified_gmt":"2026-04-15T15:21:00","slug":"pack-pkr","status":"publish","type":"page","link":"https:\/\/microsurgi.eu\/index.php\/pack-pkr\/","title":{"rendered":"Pack PKR"},"content":{"rendered":"\t\t<div data-elementor-type=\"wp-page\" data-elementor-id=\"101\" class=\"elementor elementor-101\" data-elementor-post-type=\"page\">\n\t\t\t\t<div class=\"elementor-element elementor-element-588874e e-flex e-con-boxed e-con e-parent\" data-id=\"588874e\" data-element_type=\"container\" data-e-type=\"container\" data-settings=\"{&quot;background_background&quot;:&quot;slideshow&quot;,&quot;background_slideshow_gallery&quot;:[{&quot;id&quot;:206,&quot;url&quot;:&quot;http:\\\/\\\/microsurgi.eu\\\/wp-content\\\/uploads\\\/2026\\\/04\\\/pexels-roman-muntean-369190311-14513059-1.jpg&quot;}],&quot;background_slideshow_slide_duration&quot;:5000,&quot;background_slideshow_slide_transition&quot;:&quot;fade&quot;,&quot;background_slideshow_transition_duration&quot;:500}\">\n\t\t\t\t\t<div class=\"e-con-inner\">\n\t\t<div class=\"elementor-element elementor-element-0f79fde e-con-full e-flex e-con e-child\" data-id=\"0f79fde\" data-element_type=\"container\" data-e-type=\"container\" data-settings=\"{&quot;background_background&quot;:&quot;classic&quot;}\">\n\t\t\t\t<div class=\"elementor-element elementor-element-b3f9cb7 zoom-produit elementor-widget elementor-widget-image\" data-id=\"b3f9cb7\" data-element_type=\"widget\" data-e-type=\"widget\" data-widget_type=\"image.default\">\n\t\t\t\t\t\t\t\t\t\t\t\t\t\t\t<img fetchpriority=\"high\" decoding=\"async\" width=\"800\" height=\"534\" src=\"https:\/\/microsurgi.eu\/wp-content\/uploads\/2026\/04\/ChatGPT-Image-8-avr.-2026-14_46_51-1024x683.png\" class=\"attachment-large size-large wp-image-142\" alt=\"\" srcset=\"https:\/\/microsurgi.eu\/wp-content\/uploads\/2026\/04\/ChatGPT-Image-8-avr.-2026-14_46_51-1024x683.png 1024w, https:\/\/microsurgi.eu\/wp-content\/uploads\/2026\/04\/ChatGPT-Image-8-avr.-2026-14_46_51-300x200.png 300w, https:\/\/microsurgi.eu\/wp-content\/uploads\/2026\/04\/ChatGPT-Image-8-avr.-2026-14_46_51-768x512.png 768w, https:\/\/microsurgi.eu\/wp-content\/uploads\/2026\/04\/ChatGPT-Image-8-avr.-2026-14_46_51.png 1536w\" sizes=\"(max-width: 800px) 100vw, 800px\" \/>\t\t\t\t\t\t\t\t\t\t\t\t\t\t\t<\/div>\n\t\t\t\t<div class=\"elementor-element elementor-element-9a0c4ec elementor-widget elementor-widget-gallery\" data-id=\"9a0c4ec\" data-element_type=\"widget\" data-e-type=\"widget\" data-settings=\"{&quot;columns&quot;:3,&quot;lazyload&quot;:&quot;yes&quot;,&quot;gallery_layout&quot;:&quot;grid&quot;,&quot;columns_tablet&quot;:2,&quot;columns_mobile&quot;:1,&quot;gap&quot;:{&quot;unit&quot;:&quot;px&quot;,&quot;size&quot;:10,&quot;sizes&quot;:[]},&quot;gap_tablet&quot;:{&quot;unit&quot;:&quot;px&quot;,&quot;size&quot;:10,&quot;sizes&quot;:[]},&quot;gap_mobile&quot;:{&quot;unit&quot;:&quot;px&quot;,&quot;size&quot;:10,&quot;sizes&quot;:[]},&quot;link_to&quot;:&quot;file&quot;,&quot;aspect_ratio&quot;:&quot;3:2&quot;,&quot;overlay_background&quot;:&quot;yes&quot;,&quot;content_hover_animation&quot;:&quot;fade-in&quot;}\" data-widget_type=\"gallery.default\">\n\t\t\t\t\t\t\t<div class=\"elementor-gallery__container\">\n\t\t\t\t\t\t\t<a class=\"e-gallery-item elementor-gallery-item elementor-animated-content\" href=\"https:\/\/microsurgi.eu\/wp-content\/uploads\/2026\/04\/31-1.png\" data-elementor-open-lightbox=\"yes\" data-elementor-lightbox-slideshow=\"9a0c4ec\" data-elementor-lightbox-title=\"3[1]\" data-e-action-hash=\"#elementor-action%3Aaction%3Dlightbox%26settings%3DeyJpZCI6NDM0LCJ1cmwiOiJodHRwczpcL1wvbWljcm9zdXJnaS5ldVwvd3AtY29udGVudFwvdXBsb2Fkc1wvMjAyNlwvMDRcLzMxLTEucG5nIiwic2xpZGVzaG93IjoiOWEwYzRlYyJ9\">\n\t\t\t\t\t<div class=\"e-gallery-image elementor-gallery-item__image\" data-thumbnail=\"https:\/\/microsurgi.eu\/wp-content\/uploads\/2026\/04\/31-1-300x300.png\" data-width=\"300\" data-height=\"300\" aria-label=\"\" role=\"img\" ><\/div>\n\t\t\t\t\t\t\t\t\t\t\t<div class=\"elementor-gallery-item__overlay\"><\/div>\n\t\t\t\t\t\t\t\t\t\t\t\t\t\t<\/a>\n\t\t\t\t\t\t\t<a class=\"e-gallery-item elementor-gallery-item elementor-animated-content\" href=\"https:\/\/microsurgi.eu\/wp-content\/uploads\/2026\/04\/21-1.png\" data-elementor-open-lightbox=\"yes\" data-elementor-lightbox-slideshow=\"9a0c4ec\" data-elementor-lightbox-title=\"2[1]\" data-e-action-hash=\"#elementor-action%3Aaction%3Dlightbox%26settings%3DeyJpZCI6NDMzLCJ1cmwiOiJodHRwczpcL1wvbWljcm9zdXJnaS5ldVwvd3AtY29udGVudFwvdXBsb2Fkc1wvMjAyNlwvMDRcLzIxLTEucG5nIiwic2xpZGVzaG93IjoiOWEwYzRlYyJ9\">\n\t\t\t\t\t<div class=\"e-gallery-image elementor-gallery-item__image\" data-thumbnail=\"https:\/\/microsurgi.eu\/wp-content\/uploads\/2026\/04\/21-1-300x300.png\" data-width=\"300\" data-height=\"300\" aria-label=\"\" role=\"img\" ><\/div>\n\t\t\t\t\t\t\t\t\t\t\t<div class=\"elementor-gallery-item__overlay\"><\/div>\n\t\t\t\t\t\t\t\t\t\t\t\t\t\t<\/a>\n\t\t\t\t\t\t\t<a class=\"e-gallery-item elementor-gallery-item elementor-animated-content\" href=\"https:\/\/microsurgi.eu\/wp-content\/uploads\/2026\/04\/12.png\" data-elementor-open-lightbox=\"yes\" data-elementor-lightbox-slideshow=\"9a0c4ec\" data-elementor-lightbox-title=\"1[2]\" data-e-action-hash=\"#elementor-action%3Aaction%3Dlightbox%26settings%3DeyJpZCI6NDMyLCJ1cmwiOiJodHRwczpcL1wvbWljcm9zdXJnaS5ldVwvd3AtY29udGVudFwvdXBsb2Fkc1wvMjAyNlwvMDRcLzEyLnBuZyIsInNsaWRlc2hvdyI6IjlhMGM0ZWMifQ%3D%3D\">\n\t\t\t\t\t<div class=\"e-gallery-image elementor-gallery-item__image\" data-thumbnail=\"https:\/\/microsurgi.eu\/wp-content\/uploads\/2026\/04\/12-300x300.png\" data-width=\"300\" data-height=\"300\" aria-label=\"\" role=\"img\" ><\/div>\n\t\t\t\t\t\t\t\t\t\t\t<div class=\"elementor-gallery-item__overlay\"><\/div>\n\t\t\t\t\t\t\t\t\t\t\t\t\t\t<\/a>\n\t\t\t\t\t<\/div>\n\t\t\t\t\t<\/div>\n\t\t\t\t<\/div>\n\t\t<div class=\"elementor-element elementor-element-f76e588 e-con-full e-flex e-con e-child\" data-id=\"f76e588\" data-element_type=\"container\" data-e-type=\"container\" data-settings=\"{&quot;background_background&quot;:&quot;classic&quot;}\">\n\t\t\t\t<div class=\"elementor-element elementor-element-0b146ef elementor-widget elementor-widget-heading\" data-id=\"0b146ef\" data-element_type=\"widget\" data-e-type=\"widget\" data-widget_type=\"heading.default\">\n\t\t\t\t\t<h2 class=\"elementor-heading-title elementor-size-default\">Pack PKR<\/h2>\t\t\t\t<\/div>\n\t\t\t\t<div class=\"elementor-element elementor-element-a76b713 elementor-widget elementor-widget-text-editor\" data-id=\"a76b713\" data-element_type=\"widget\" data-e-type=\"widget\" data-widget_type=\"text-editor.default\">\n\t\t\t\t\t\t\t\t\t<p>DESCRIPTION<\/p><p>Pack chirurgical st\u00e9rile complet pour la r\u00e9alisation de la <br \/>Photok\u00e9ratectomie R\u00e9fractive. Assembl\u00e9 en environnement <br \/>contr\u00f4l\u00e9 et st\u00e9rilis\u00e9 \u00e0 l&rsquo;oxyde d&rsquo;\u00e9thyl\u00e8ne.<\/p><p>\u2713 Usage unique<br \/>\u2713 St\u00e9rile<br \/>\u2713 Conforme ISO 13485<br \/>\u2713 Composition adaptable \u00e0 votre protocole<br \/>\u2713 Disponible \u00e0 l&rsquo;unit\u00e9 ou en pack<\/p>\t\t\t\t\t\t\t\t<\/div>\n\t\t\t\t<div class=\"elementor-element elementor-element-b7555d9 elementor-align-center elementor-widget elementor-widget-button\" data-id=\"b7555d9\" data-element_type=\"widget\" data-e-type=\"widget\" data-settings=\"{&quot;_animation&quot;:&quot;none&quot;,&quot;_animation_delay&quot;:400}\" data-widget_type=\"button.default\">\n\t\t\t\t\t\t\t\t\t\t<a class=\"elementor-button elementor-button-link elementor-size-sm\" href=\"https:\/\/microsurgi.eu\/index.php\/pack-pkr\/\">\n\t\t\t\t\t\t<span class=\"elementor-button-content-wrapper\">\n\t\t\t\t\t\t\t\t\t<span class=\"elementor-button-text\">T\u00e9l\u00e9charger la fiche technique<\/span>\n\t\t\t\t\t<\/span>\n\t\t\t\t\t<\/a>\n\t\t\t\t\t\t\t\t<\/div>\n\t\t\t\t<div class=\"elementor-element elementor-element-b23a612 elementor-align-center elementor-widget elementor-widget-button\" data-id=\"b23a612\" data-element_type=\"widget\" data-e-type=\"widget\" data-settings=\"{&quot;_animation&quot;:&quot;none&quot;,&quot;_animation_delay&quot;:400}\" data-widget_type=\"button.default\">\n\t\t\t\t\t\t\t\t\t\t<a class=\"elementor-button elementor-button-link elementor-size-sm\" href=\"https:\/\/microsurgi.eu\/index.php\/pack-pkr\/\">\n\t\t\t\t\t\t<span class=\"elementor-button-content-wrapper\">\n\t\t\t\t\t\t\t\t\t<span class=\"elementor-button-text\">Contactez nous<\/span>\n\t\t\t\t\t<\/span>\n\t\t\t\t\t<\/a>\n\t\t\t\t\t\t\t\t<\/div>\n\t\t\t\t<\/div>\n\t\t\t\t\t<\/div>\n\t\t\t\t<\/div>\n\t\t\t\t<\/div>\n\t\t","protected":false},"excerpt":{"rendered":"<p>Pack PKR DESCRIPTION Pack chirurgical st\u00e9rile complet pour la r\u00e9alisation de la Photok\u00e9ratectomie R\u00e9fractive. Assembl\u00e9 en environnement contr\u00f4l\u00e9 et st\u00e9rilis\u00e9 \u00e0 l&rsquo;oxyde d&rsquo;\u00e9thyl\u00e8ne. \u2713 Usage unique\u2713 St\u00e9rile\u2713 Conforme ISO 13485\u2713 Composition adaptable \u00e0 votre protocole\u2713 Disponible \u00e0 l&rsquo;unit\u00e9 ou en pack T\u00e9l\u00e9charger la fiche technique Contactez nous<\/p>\n","protected":false},"author":1,"featured_media":0,"parent":0,"menu_order":0,"comment_status":"closed","ping_status":"closed","template":"","meta":{"footnotes":""},"class_list":["post-101","page","type-page","status-publish","hentry"],"_links":{"self":[{"href":"https:\/\/microsurgi.eu\/index.php\/wp-json\/wp\/v2\/pages\/101","targetHints":{"allow":["GET"]}}],"collection":[{"href":"https:\/\/microsurgi.eu\/index.php\/wp-json\/wp\/v2\/pages"}],"about":[{"href":"https:\/\/microsurgi.eu\/index.php\/wp-json\/wp\/v2\/types\/page"}],"author":[{"embeddable":true,"href":"https:\/\/microsurgi.eu\/index.php\/wp-json\/wp\/v2\/users\/1"}],"replies":[{"embeddable":true,"href":"https:\/\/microsurgi.eu\/index.php\/wp-json\/wp\/v2\/comments?post=101"}],"version-history":[{"count":35,"href":"https:\/\/microsurgi.eu\/index.php\/wp-json\/wp\/v2\/pages\/101\/revisions"}],"predecessor-version":[{"id":508,"href":"https:\/\/microsurgi.eu\/index.php\/wp-json\/wp\/v2\/pages\/101\/revisions\/508"}],"wp:attachment":[{"href":"https:\/\/microsurgi.eu\/index.php\/wp-json\/wp\/v2\/media?parent=101"}],"curies":[{"name":"wp","href":"https:\/\/api.w.org\/{rel}","templated":true}]}}