{"id":103,"date":"2026-04-08T08:57:30","date_gmt":"2026-04-08T08:57:30","guid":{"rendered":"https:\/\/microsurgi.eu\/?page_id=103"},"modified":"2026-04-16T09:01:13","modified_gmt":"2026-04-16T09:01:13","slug":"produits-2","status":"publish","type":"page","link":"https:\/\/microsurgi.eu\/index.php\/produits-2\/","title":{"rendered":"Produits"},"content":{"rendered":"\t\t<div data-elementor-type=\"wp-page\" data-elementor-id=\"103\" class=\"elementor elementor-103\" data-elementor-post-type=\"page\">\n\t\t\t\t<div class=\"elementor-element elementor-element-64d78804 e-flex e-con-boxed e-con e-parent\" data-id=\"64d78804\" data-element_type=\"container\" data-e-type=\"container\" data-settings=\"{&quot;background_background&quot;:&quot;gradient&quot;,&quot;shape_divider_top&quot;:&quot;opacity-tilt&quot;}\">\n\t\t\t\t\t<div class=\"e-con-inner\">\n\t\t\t\t<div class=\"elementor-shape elementor-shape-top\" aria-hidden=\"true\" data-negative=\"false\">\n\t\t\t<svg xmlns=\"http:\/\/www.w3.org\/2000\/svg\" viewBox=\"0 0 2600 131.1\" preserveAspectRatio=\"none\">\n\t<path class=\"elementor-shape-fill\" d=\"M0 0L2600 0 2600 69.1 0 0z\"\/>\n\t<path class=\"elementor-shape-fill\" style=\"opacity:0.5\" d=\"M0 0L2600 0 2600 69.1 0 69.1z\"\/>\n\t<path class=\"elementor-shape-fill\" style=\"opacity:0.25\" d=\"M2600 0L0 0 0 130.1 2600 69.1z\"\/>\n<\/svg>\t\t<\/div>\n\t\t\t\t<div class=\"elementor-element elementor-element-5e0a707e elementor-widget elementor-widget-heading\" data-id=\"5e0a707e\" data-element_type=\"widget\" data-e-type=\"widget\" data-widget_type=\"heading.default\">\n\t\t\t\t\t<div class=\"elementor-heading-title elementor-size-default\">Nos Produits\n\n<\/div>\t\t\t\t<\/div>\n\t\t\t\t<div class=\"elementor-element elementor-element-6f8c238d elementor-widget elementor-widget-heading\" data-id=\"6f8c238d\" data-element_type=\"widget\" data-e-type=\"widget\" data-widget_type=\"heading.default\">\n\t\t\t\t\t<h2 class=\"elementor-heading-title elementor-size-default\">Fabriqu\u00e9s pour le bloc op\u00e9ratoire\n\n<\/h2>\t\t\t\t<\/div>\n\t\t\t\t<div class=\"elementor-element elementor-element-255e4bbd elementor-widget elementor-widget-text-editor\" data-id=\"255e4bbd\" data-element_type=\"widget\" data-e-type=\"widget\" data-widget_type=\"text-editor.default\">\n\t\t\t\t\t\t\t\t\t<p>Chaque composant Microsurgi est con\u00e7u pour r\u00e9pondre aux exigences d&rsquo;asepsie et de pr\u00e9cision du bloc op\u00e9ratoire ophtalmologique.<\/p>\t\t\t\t\t\t\t\t<\/div>\n\t\t<div class=\"elementor-element elementor-element-4bcf3629 e-con-full e-grid e-con e-child\" data-id=\"4bcf3629\" data-element_type=\"container\" data-e-type=\"container\">\n\t\t<div class=\"elementor-element elementor-element-72ccb586 e-con-full e-flex e-con e-child\" data-id=\"72ccb586\" data-element_type=\"container\" data-e-type=\"container\">\n\t\t\t\t<div class=\"elementor-element elementor-element-fbfcff elementor-position-top elementor-widget elementor-widget-image-box\" data-id=\"fbfcff\" data-element_type=\"widget\" data-e-type=\"widget\" data-widget_type=\"image-box.default\">\n\t\t\t\t\t<div class=\"elementor-image-box-wrapper\"><figure class=\"elementor-image-box-img\"><img decoding=\"async\" src=\"https:\/\/microsurgi.eu\/wp-content\/uploads\/2026\/04\/21-1.png\" title=\"2[1]\" alt=\"2[1]\" loading=\"lazy\" \/><\/figure><div class=\"elementor-image-box-content\"><div class=\"elementor-image-box-title\">Marqueur Pars Plana<\/div><p class=\"elementor-image-box-description\">Rep\u00e9rage chirurgical<\/p><\/div><\/div>\t\t\t\t<\/div>\n\t\t\t\t<div class=\"elementor-element elementor-element-2313df28 elementor-widget__width-inherit elementor-widget elementor-widget-text-editor\" data-id=\"2313df28\" data-element_type=\"widget\" data-e-type=\"widget\" data-widget_type=\"text-editor.default\">\n\t\t\t\t\t\t\t\t\t<p>Tige de rep\u00e9rage st\u00e9rile \u00e0 usage unique. Permet de d\u00e9limiter avec pr\u00e9cision la zone d&rsquo;injection lors des proc\u00e9dures IVT. Disponible dans nos packs ou \u00e0 l&rsquo;unit\u00e9.<\/p>\t\t\t\t\t\t\t\t<\/div>\n\t\t\t\t<div class=\"elementor-element elementor-element-f8ca7ed elementor-align-center elementor-widget elementor-widget-button\" data-id=\"f8ca7ed\" data-element_type=\"widget\" data-e-type=\"widget\" data-settings=\"{&quot;_animation&quot;:&quot;none&quot;,&quot;_animation_delay&quot;:400}\" data-widget_type=\"button.default\">\n\t\t\t\t\t\t\t\t\t\t<a class=\"elementor-button elementor-size-sm\" role=\"button\">\n\t\t\t\t\t\t<span class=\"elementor-button-content-wrapper\">\n\t\t\t\t\t\t\t\t\t<span class=\"elementor-button-text\">En savoir plus<\/span>\n\t\t\t\t\t<\/span>\n\t\t\t\t\t<\/a>\n\t\t\t\t\t\t\t\t<\/div>\n\t\t\t\t<\/div>\n\t\t<div class=\"elementor-element elementor-element-75aa0a10 e-con-full e-flex e-con e-child\" data-id=\"75aa0a10\" data-element_type=\"container\" data-e-type=\"container\">\n\t\t\t\t<div class=\"elementor-element elementor-element-101fa5bb elementor-position-top elementor-widget elementor-widget-image-box\" data-id=\"101fa5bb\" data-element_type=\"widget\" data-e-type=\"widget\" data-widget_type=\"image-box.default\">\n\t\t\t\t\t<div class=\"elementor-image-box-wrapper\"><figure class=\"elementor-image-box-img\"><img decoding=\"async\" src=\"https:\/\/microsurgi.eu\/wp-content\/uploads\/2026\/04\/12.png\" title=\"1[2]\" alt=\"1[2]\" loading=\"lazy\" \/><\/figure><div class=\"elementor-image-box-content\"><div class=\"elementor-image-box-title\">Bl\u00e9pharostat<\/div><p class=\"elementor-image-box-description\">\u00c9carteur \u00e0 paupi\u00e8res<\/p><\/div><\/div>\t\t\t\t<\/div>\n\t\t\t\t<div class=\"elementor-element elementor-element-1bd2d26f elementor-widget__width-inherit elementor-widget elementor-widget-text-editor\" data-id=\"1bd2d26f\" data-element_type=\"widget\" data-e-type=\"widget\" data-widget_type=\"text-editor.default\">\n\t\t\t\t\t\t\t\t\t<p>\u00c9carteur \u00e0 paupi\u00e8res st\u00e9rile, disponible en deux mod\u00e8les (fil ouvert \/ fil ferm\u00e9). Maintien stable et atraumatique pendant toute la dur\u00e9e de l&rsquo;intervention.<\/p>\t\t\t\t\t\t\t\t<\/div>\n\t\t\t\t<div class=\"elementor-element elementor-element-bc359f6 elementor-align-center elementor-widget elementor-widget-button\" data-id=\"bc359f6\" data-element_type=\"widget\" data-e-type=\"widget\" data-settings=\"{&quot;_animation&quot;:&quot;none&quot;,&quot;_animation_delay&quot;:400}\" data-widget_type=\"button.default\">\n\t\t\t\t\t\t\t\t\t\t<a class=\"elementor-button elementor-size-sm\" role=\"button\">\n\t\t\t\t\t\t<span class=\"elementor-button-content-wrapper\">\n\t\t\t\t\t\t\t\t\t<span class=\"elementor-button-text\">En savoir plus<\/span>\n\t\t\t\t\t<\/span>\n\t\t\t\t\t<\/a>\n\t\t\t\t\t\t\t\t<\/div>\n\t\t\t\t<\/div>\n\t\t<div class=\"elementor-element elementor-element-6958410 e-con-full e-flex e-con e-child\" data-id=\"6958410\" data-element_type=\"container\" data-e-type=\"container\">\n\t\t\t\t<div class=\"elementor-element elementor-element-63ed049 elementor-position-top elementor-widget elementor-widget-image-box\" data-id=\"63ed049\" data-element_type=\"widget\" data-e-type=\"widget\" data-widget_type=\"image-box.default\">\n\t\t\t\t\t<div class=\"elementor-image-box-wrapper\"><figure class=\"elementor-image-box-img\"><img decoding=\"async\" src=\"https:\/\/microsurgi.eu\/wp-content\/uploads\/2026\/04\/31-1.png\" title=\"3[1]\" alt=\"3[1]\" loading=\"lazy\" \/><\/figure><div class=\"elementor-image-box-content\"><div class=\"elementor-image-box-title\">Fl\u00e9chette Absorbante<\/div><p class=\"elementor-image-box-description\">Drainage p\u00e9ri-oculaire<\/p><\/div><\/div>\t\t\t\t<\/div>\n\t\t\t\t<div class=\"elementor-element elementor-element-5bc673e elementor-widget__width-inherit elementor-widget elementor-widget-text-editor\" data-id=\"5bc673e\" data-element_type=\"widget\" data-e-type=\"widget\" data-widget_type=\"text-editor.default\">\n\t\t\t\t\t\t\t\t\t<p>Fl\u00e9chette \u00e0 usage unique en polym\u00e8re transparent. Permet d&rsquo;absorber l&rsquo;exc\u00e8s de liquide antiseptique (B\u00e9tadine) pendant la proc\u00e9dure d&rsquo;injection intravitr\u00e9enne. T\u00eate arrondie atraumatique, manipulation pr\u00e9cise en zone st\u00e9rile.<\/p>\t\t\t\t\t\t\t\t<\/div>\n\t\t\t\t<div class=\"elementor-element elementor-element-e54e6a6 elementor-align-center elementor-widget elementor-widget-button\" data-id=\"e54e6a6\" data-element_type=\"widget\" data-e-type=\"widget\" data-settings=\"{&quot;_animation&quot;:&quot;none&quot;,&quot;_animation_delay&quot;:400}\" data-widget_type=\"button.default\">\n\t\t\t\t\t\t\t\t\t\t<a class=\"elementor-button elementor-size-sm\" role=\"button\">\n\t\t\t\t\t\t<span class=\"elementor-button-content-wrapper\">\n\t\t\t\t\t\t\t\t\t<span class=\"elementor-button-text\">En savoir plus<\/span>\n\t\t\t\t\t<\/span>\n\t\t\t\t\t<\/a>\n\t\t\t\t\t\t\t\t<\/div>\n\t\t\t\t<\/div>\n\t\t\t\t<\/div>\n\t\t\t\t\t<\/div>\n\t\t\t\t<\/div>\n\t\t\t\t<\/div>\n\t\t","protected":false},"excerpt":{"rendered":"<p>Nos Produits Fabriqu\u00e9s pour le bloc op\u00e9ratoire Chaque composant Microsurgi est con\u00e7u pour r\u00e9pondre aux exigences d&rsquo;asepsie et de pr\u00e9cision du bloc op\u00e9ratoire ophtalmologique. Marqueur Pars Plana Rep\u00e9rage chirurgical Tige de rep\u00e9rage st\u00e9rile \u00e0 usage unique. Permet de d\u00e9limiter avec pr\u00e9cision la zone d&rsquo;injection lors des proc\u00e9dures IVT. Disponible dans nos packs ou \u00e0 l&rsquo;unit\u00e9. [&hellip;]<\/p>\n","protected":false},"author":1,"featured_media":0,"parent":0,"menu_order":0,"comment_status":"closed","ping_status":"closed","template":"","meta":{"footnotes":""},"class_list":["post-103","page","type-page","status-publish","hentry"],"_links":{"self":[{"href":"https:\/\/microsurgi.eu\/index.php\/wp-json\/wp\/v2\/pages\/103","targetHints":{"allow":["GET"]}}],"collection":[{"href":"https:\/\/microsurgi.eu\/index.php\/wp-json\/wp\/v2\/pages"}],"about":[{"href":"https:\/\/microsurgi.eu\/index.php\/wp-json\/wp\/v2\/types\/page"}],"author":[{"embeddable":true,"href":"https:\/\/microsurgi.eu\/index.php\/wp-json\/wp\/v2\/users\/1"}],"replies":[{"embeddable":true,"href":"https:\/\/microsurgi.eu\/index.php\/wp-json\/wp\/v2\/comments?post=103"}],"version-history":[{"count":41,"href":"https:\/\/microsurgi.eu\/index.php\/wp-json\/wp\/v2\/pages\/103\/revisions"}],"predecessor-version":[{"id":612,"href":"https:\/\/microsurgi.eu\/index.php\/wp-json\/wp\/v2\/pages\/103\/revisions\/612"}],"wp:attachment":[{"href":"https:\/\/microsurgi.eu\/index.php\/wp-json\/wp\/v2\/media?parent=103"}],"curies":[{"name":"wp","href":"https:\/\/api.w.org\/{rel}","templated":true}]}}