{"id":105,"date":"2026-04-08T08:57:46","date_gmt":"2026-04-08T08:57:46","guid":{"rendered":"https:\/\/microsurgi.eu\/?page_id=105"},"modified":"2026-04-16T09:17:59","modified_gmt":"2026-04-16T09:17:59","slug":"pack-femto-lasik","status":"publish","type":"page","link":"https:\/\/microsurgi.eu\/index.php\/pack-femto-lasik\/","title":{"rendered":"Pack Femto-LASIK"},"content":{"rendered":"\t\t<div data-elementor-type=\"wp-page\" data-elementor-id=\"105\" class=\"elementor elementor-105\" data-elementor-post-type=\"page\">\n\t\t\t\t<div class=\"elementor-element elementor-element-531112e1 e-flex e-con-boxed e-con e-parent\" data-id=\"531112e1\" data-element_type=\"container\" data-e-type=\"container\" data-settings=\"{&quot;background_background&quot;:&quot;slideshow&quot;,&quot;background_slideshow_gallery&quot;:[{&quot;id&quot;:206,&quot;url&quot;:&quot;http:\\\/\\\/microsurgi.eu\\\/wp-content\\\/uploads\\\/2026\\\/04\\\/pexels-roman-muntean-369190311-14513059-1.jpg&quot;}],&quot;background_slideshow_slide_duration&quot;:5000,&quot;background_slideshow_slide_transition&quot;:&quot;fade&quot;,&quot;background_slideshow_transition_duration&quot;:500}\">\n\t\t\t\t\t<div class=\"e-con-inner\">\n\t\t<div class=\"elementor-element elementor-element-5ead57aa e-con-full e-flex e-con e-child\" data-id=\"5ead57aa\" data-element_type=\"container\" data-e-type=\"container\" data-settings=\"{&quot;background_background&quot;:&quot;classic&quot;}\">\n\t\t\t\t<div class=\"elementor-element elementor-element-54e56b27 zoom-produit elementor-widget elementor-widget-image\" data-id=\"54e56b27\" data-element_type=\"widget\" data-e-type=\"widget\" data-widget_type=\"image.default\">\n\t\t\t\t\t\t\t\t\t\t\t\t\t\t\t<img fetchpriority=\"high\" decoding=\"async\" width=\"800\" height=\"534\" src=\"https:\/\/microsurgi.eu\/wp-content\/uploads\/2026\/04\/ChatGPT-Image-8-avr.-2026-14_46_51-1024x683.png\" class=\"attachment-large size-large wp-image-142\" alt=\"\" srcset=\"https:\/\/microsurgi.eu\/wp-content\/uploads\/2026\/04\/ChatGPT-Image-8-avr.-2026-14_46_51-1024x683.png 1024w, https:\/\/microsurgi.eu\/wp-content\/uploads\/2026\/04\/ChatGPT-Image-8-avr.-2026-14_46_51-300x200.png 300w, https:\/\/microsurgi.eu\/wp-content\/uploads\/2026\/04\/ChatGPT-Image-8-avr.-2026-14_46_51-768x512.png 768w, https:\/\/microsurgi.eu\/wp-content\/uploads\/2026\/04\/ChatGPT-Image-8-avr.-2026-14_46_51.png 1536w\" sizes=\"(max-width: 800px) 100vw, 800px\" \/>\t\t\t\t\t\t\t\t\t\t\t\t\t\t\t<\/div>\n\t\t\t\t<div class=\"elementor-element elementor-element-1f992f04 elementor-widget elementor-widget-gallery\" data-id=\"1f992f04\" data-element_type=\"widget\" data-e-type=\"widget\" data-settings=\"{&quot;columns&quot;:3,&quot;lazyload&quot;:&quot;yes&quot;,&quot;gallery_layout&quot;:&quot;grid&quot;,&quot;columns_tablet&quot;:2,&quot;columns_mobile&quot;:1,&quot;gap&quot;:{&quot;unit&quot;:&quot;px&quot;,&quot;size&quot;:10,&quot;sizes&quot;:[]},&quot;gap_tablet&quot;:{&quot;unit&quot;:&quot;px&quot;,&quot;size&quot;:10,&quot;sizes&quot;:[]},&quot;gap_mobile&quot;:{&quot;unit&quot;:&quot;px&quot;,&quot;size&quot;:10,&quot;sizes&quot;:[]},&quot;link_to&quot;:&quot;file&quot;,&quot;aspect_ratio&quot;:&quot;3:2&quot;,&quot;overlay_background&quot;:&quot;yes&quot;,&quot;content_hover_animation&quot;:&quot;fade-in&quot;}\" data-widget_type=\"gallery.default\">\n\t\t\t\t\t\t\t<div class=\"elementor-gallery__container\">\n\t\t\t\t\t\t\t<a class=\"e-gallery-item elementor-gallery-item elementor-animated-content\" href=\"https:\/\/microsurgi.eu\/wp-content\/uploads\/2026\/04\/31-1.png\" data-elementor-open-lightbox=\"yes\" data-elementor-lightbox-slideshow=\"1f992f04\" data-elementor-lightbox-title=\"3[1]\" data-e-action-hash=\"#elementor-action%3Aaction%3Dlightbox%26settings%3DeyJpZCI6NDM0LCJ1cmwiOiJodHRwczpcL1wvbWljcm9zdXJnaS5ldVwvd3AtY29udGVudFwvdXBsb2Fkc1wvMjAyNlwvMDRcLzMxLTEucG5nIiwic2xpZGVzaG93IjoiMWY5OTJmMDQifQ%3D%3D\">\n\t\t\t\t\t<div class=\"e-gallery-image elementor-gallery-item__image\" data-thumbnail=\"https:\/\/microsurgi.eu\/wp-content\/uploads\/2026\/04\/31-1-300x300.png\" data-width=\"300\" data-height=\"300\" aria-label=\"\" role=\"img\" ><\/div>\n\t\t\t\t\t\t\t\t\t\t\t<div class=\"elementor-gallery-item__overlay\"><\/div>\n\t\t\t\t\t\t\t\t\t\t\t\t\t\t<\/a>\n\t\t\t\t\t\t\t<a class=\"e-gallery-item elementor-gallery-item elementor-animated-content\" href=\"https:\/\/microsurgi.eu\/wp-content\/uploads\/2026\/04\/21-1.png\" data-elementor-open-lightbox=\"yes\" data-elementor-lightbox-slideshow=\"1f992f04\" data-elementor-lightbox-title=\"2[1]\" data-e-action-hash=\"#elementor-action%3Aaction%3Dlightbox%26settings%3DeyJpZCI6NDMzLCJ1cmwiOiJodHRwczpcL1wvbWljcm9zdXJnaS5ldVwvd3AtY29udGVudFwvdXBsb2Fkc1wvMjAyNlwvMDRcLzIxLTEucG5nIiwic2xpZGVzaG93IjoiMWY5OTJmMDQifQ%3D%3D\">\n\t\t\t\t\t<div class=\"e-gallery-image elementor-gallery-item__image\" data-thumbnail=\"https:\/\/microsurgi.eu\/wp-content\/uploads\/2026\/04\/21-1-300x300.png\" data-width=\"300\" data-height=\"300\" aria-label=\"\" role=\"img\" ><\/div>\n\t\t\t\t\t\t\t\t\t\t\t<div class=\"elementor-gallery-item__overlay\"><\/div>\n\t\t\t\t\t\t\t\t\t\t\t\t\t\t<\/a>\n\t\t\t\t\t\t\t<a class=\"e-gallery-item elementor-gallery-item elementor-animated-content\" href=\"https:\/\/microsurgi.eu\/wp-content\/uploads\/2026\/04\/12.png\" data-elementor-open-lightbox=\"yes\" data-elementor-lightbox-slideshow=\"1f992f04\" data-elementor-lightbox-title=\"1[2]\" data-e-action-hash=\"#elementor-action%3Aaction%3Dlightbox%26settings%3DeyJpZCI6NDMyLCJ1cmwiOiJodHRwczpcL1wvbWljcm9zdXJnaS5ldVwvd3AtY29udGVudFwvdXBsb2Fkc1wvMjAyNlwvMDRcLzEyLnBuZyIsInNsaWRlc2hvdyI6IjFmOTkyZjA0In0%3D\">\n\t\t\t\t\t<div class=\"e-gallery-image elementor-gallery-item__image\" data-thumbnail=\"https:\/\/microsurgi.eu\/wp-content\/uploads\/2026\/04\/12-300x300.png\" data-width=\"300\" data-height=\"300\" aria-label=\"\" role=\"img\" ><\/div>\n\t\t\t\t\t\t\t\t\t\t\t<div class=\"elementor-gallery-item__overlay\"><\/div>\n\t\t\t\t\t\t\t\t\t\t\t\t\t\t<\/a>\n\t\t\t\t\t<\/div>\n\t\t\t\t\t<\/div>\n\t\t\t\t<\/div>\n\t\t<div class=\"elementor-element elementor-element-773674a2 e-con-full e-flex e-con e-child\" data-id=\"773674a2\" data-element_type=\"container\" data-e-type=\"container\" data-settings=\"{&quot;background_background&quot;:&quot;classic&quot;}\">\n\t\t\t\t<div class=\"elementor-element elementor-element-1f411416 elementor-widget elementor-widget-heading\" data-id=\"1f411416\" data-element_type=\"widget\" data-e-type=\"widget\" data-widget_type=\"heading.default\">\n\t\t\t\t\t<h2 class=\"elementor-heading-title elementor-size-default\">Pack Femto-LASIK<\/h2>\t\t\t\t<\/div>\n\t\t\t\t<div class=\"elementor-element elementor-element-7954d244 elementor-widget elementor-widget-text-editor\" data-id=\"7954d244\" data-element_type=\"widget\" data-e-type=\"widget\" data-widget_type=\"text-editor.default\">\n\t\t\t\t\t\t\t\t\t<p>DESCRIPTION<\/p><p>Pack chirurgical st\u00e9rile d\u00e9di\u00e9 aux interventions Femto-LASIK. Con\u00e7u pour la chirurgie r\u00e9fractive tout laser combinant laser femtoseconde (d\u00e9coupe du volet corn\u00e9en) et laser excimer (correction visuelle).<\/p><p>Compatible avec les principales plateformes laser du march\u00e9. Chaque composant est s\u00e9lectionn\u00e9 pour sa pr\u00e9cision et sa fiabilit\u00e9 en conditions op\u00e9ratoires.<\/p><ul><li>Champ st\u00e9rile fen\u00eatr\u00e9 adapt\u00e9 chirurgie r\u00e9fractive<\/li><li>Anneau de succion compatible Femto<\/li><li>Bl\u00e9pharostat auto-statique<\/li><li>Spatule et canule d&rsquo;irrigation<\/li><li>Compresses absorbantes st\u00e9riles<\/li><li>Protection oculaire post-op\u00e9ratoire<\/li><li>Conforme ISO 13485 \u00b7 Marquage CE<\/li><\/ul>\t\t\t\t\t\t\t\t<\/div>\n\t\t\t\t<div class=\"elementor-element elementor-element-60a14e98 elementor-align-center elementor-widget elementor-widget-button\" data-id=\"60a14e98\" data-element_type=\"widget\" data-e-type=\"widget\" data-settings=\"{&quot;_animation&quot;:&quot;none&quot;,&quot;_animation_delay&quot;:400}\" data-widget_type=\"button.default\">\n\t\t\t\t\t\t\t\t\t\t<a class=\"elementor-button elementor-button-link elementor-size-sm\" href=\"https:\/\/microsurgi.eu\/index.php\/pack-pkr\/\">\n\t\t\t\t\t\t<span class=\"elementor-button-content-wrapper\">\n\t\t\t\t\t\t\t\t\t<span class=\"elementor-button-text\">T\u00e9l\u00e9charger la fiche technique<\/span>\n\t\t\t\t\t<\/span>\n\t\t\t\t\t<\/a>\n\t\t\t\t\t\t\t\t<\/div>\n\t\t\t\t<div class=\"elementor-element elementor-element-210ce66f elementor-align-center elementor-widget elementor-widget-button\" data-id=\"210ce66f\" data-element_type=\"widget\" data-e-type=\"widget\" data-settings=\"{&quot;_animation&quot;:&quot;none&quot;,&quot;_animation_delay&quot;:400}\" data-widget_type=\"button.default\">\n\t\t\t\t\t\t\t\t\t\t<a class=\"elementor-button elementor-button-link elementor-size-sm\" href=\"https:\/\/microsurgi.eu\/index.php\/pack-pkr\/\">\n\t\t\t\t\t\t<span class=\"elementor-button-content-wrapper\">\n\t\t\t\t\t\t\t\t\t<span class=\"elementor-button-text\">Contactez nous<\/span>\n\t\t\t\t\t<\/span>\n\t\t\t\t\t<\/a>\n\t\t\t\t\t\t\t\t<\/div>\n\t\t\t\t<\/div>\n\t\t\t\t\t<\/div>\n\t\t\t\t<\/div>\n\t\t\t\t<\/div>\n\t\t","protected":false},"excerpt":{"rendered":"<p>Pack Femto-LASIK DESCRIPTION Pack chirurgical st\u00e9rile d\u00e9di\u00e9 aux interventions Femto-LASIK. Con\u00e7u pour la chirurgie r\u00e9fractive tout laser combinant laser femtoseconde (d\u00e9coupe du volet corn\u00e9en) et laser excimer (correction visuelle). Compatible avec les principales plateformes laser du march\u00e9. Chaque composant est s\u00e9lectionn\u00e9 pour sa pr\u00e9cision et sa fiabilit\u00e9 en conditions op\u00e9ratoires. Champ st\u00e9rile fen\u00eatr\u00e9 adapt\u00e9 chirurgie [&hellip;]<\/p>\n","protected":false},"author":1,"featured_media":0,"parent":0,"menu_order":0,"comment_status":"closed","ping_status":"closed","template":"","meta":{"footnotes":""},"class_list":["post-105","page","type-page","status-publish","hentry"],"_links":{"self":[{"href":"https:\/\/microsurgi.eu\/index.php\/wp-json\/wp\/v2\/pages\/105","targetHints":{"allow":["GET"]}}],"collection":[{"href":"https:\/\/microsurgi.eu\/index.php\/wp-json\/wp\/v2\/pages"}],"about":[{"href":"https:\/\/microsurgi.eu\/index.php\/wp-json\/wp\/v2\/types\/page"}],"author":[{"embeddable":true,"href":"https:\/\/microsurgi.eu\/index.php\/wp-json\/wp\/v2\/users\/1"}],"replies":[{"embeddable":true,"href":"https:\/\/microsurgi.eu\/index.php\/wp-json\/wp\/v2\/comments?post=105"}],"version-history":[{"count":8,"href":"https:\/\/microsurgi.eu\/index.php\/wp-json\/wp\/v2\/pages\/105\/revisions"}],"predecessor-version":[{"id":685,"href":"https:\/\/microsurgi.eu\/index.php\/wp-json\/wp\/v2\/pages\/105\/revisions\/685"}],"wp:attachment":[{"href":"https:\/\/microsurgi.eu\/index.php\/wp-json\/wp\/v2\/media?parent=105"}],"curies":[{"name":"wp","href":"https:\/\/api.w.org\/{rel}","templated":true}]}}