{"id":107,"date":"2026-04-08T08:57:56","date_gmt":"2026-04-08T08:57:56","guid":{"rendered":"https:\/\/microsurgi.eu\/?page_id=107"},"modified":"2026-04-16T09:15:22","modified_gmt":"2026-04-16T09:15:22","slug":"pack-ivt","status":"publish","type":"page","link":"https:\/\/microsurgi.eu\/index.php\/pack-ivt\/","title":{"rendered":"Pack IVT"},"content":{"rendered":"\t\t<div data-elementor-type=\"wp-page\" data-elementor-id=\"107\" class=\"elementor elementor-107\" data-elementor-post-type=\"page\">\n\t\t\t\t<div class=\"elementor-element elementor-element-25f7a6c3 e-flex e-con-boxed e-con e-parent\" data-id=\"25f7a6c3\" data-element_type=\"container\" data-e-type=\"container\" data-settings=\"{&quot;background_background&quot;:&quot;slideshow&quot;,&quot;background_slideshow_gallery&quot;:[{&quot;id&quot;:206,&quot;url&quot;:&quot;http:\\\/\\\/microsurgi.eu\\\/wp-content\\\/uploads\\\/2026\\\/04\\\/pexels-roman-muntean-369190311-14513059-1.jpg&quot;}],&quot;background_slideshow_slide_duration&quot;:5000,&quot;background_slideshow_slide_transition&quot;:&quot;fade&quot;,&quot;background_slideshow_transition_duration&quot;:500}\">\n\t\t\t\t\t<div class=\"e-con-inner\">\n\t\t<div class=\"elementor-element elementor-element-665684fe e-con-full e-flex e-con e-child\" data-id=\"665684fe\" data-element_type=\"container\" data-e-type=\"container\" data-settings=\"{&quot;background_background&quot;:&quot;classic&quot;}\">\n\t\t\t\t<div class=\"elementor-element elementor-element-1f501f6d zoom-produit elementor-widget elementor-widget-image\" data-id=\"1f501f6d\" data-element_type=\"widget\" data-e-type=\"widget\" data-widget_type=\"image.default\">\n\t\t\t\t\t\t\t\t\t\t\t\t\t\t\t<img fetchpriority=\"high\" decoding=\"async\" width=\"800\" height=\"534\" src=\"https:\/\/microsurgi.eu\/wp-content\/uploads\/2026\/04\/ChatGPT-Image-8-avr.-2026-14_46_51-1024x683.png\" class=\"attachment-large size-large wp-image-142\" alt=\"\" srcset=\"https:\/\/microsurgi.eu\/wp-content\/uploads\/2026\/04\/ChatGPT-Image-8-avr.-2026-14_46_51-1024x683.png 1024w, https:\/\/microsurgi.eu\/wp-content\/uploads\/2026\/04\/ChatGPT-Image-8-avr.-2026-14_46_51-300x200.png 300w, https:\/\/microsurgi.eu\/wp-content\/uploads\/2026\/04\/ChatGPT-Image-8-avr.-2026-14_46_51-768x512.png 768w, https:\/\/microsurgi.eu\/wp-content\/uploads\/2026\/04\/ChatGPT-Image-8-avr.-2026-14_46_51.png 1536w\" sizes=\"(max-width: 800px) 100vw, 800px\" \/>\t\t\t\t\t\t\t\t\t\t\t\t\t\t\t<\/div>\n\t\t\t\t<div class=\"elementor-element elementor-element-2de8a9ba elementor-widget elementor-widget-gallery\" data-id=\"2de8a9ba\" data-element_type=\"widget\" data-e-type=\"widget\" data-settings=\"{&quot;columns&quot;:3,&quot;lazyload&quot;:&quot;yes&quot;,&quot;gallery_layout&quot;:&quot;grid&quot;,&quot;columns_tablet&quot;:2,&quot;columns_mobile&quot;:1,&quot;gap&quot;:{&quot;unit&quot;:&quot;px&quot;,&quot;size&quot;:10,&quot;sizes&quot;:[]},&quot;gap_tablet&quot;:{&quot;unit&quot;:&quot;px&quot;,&quot;size&quot;:10,&quot;sizes&quot;:[]},&quot;gap_mobile&quot;:{&quot;unit&quot;:&quot;px&quot;,&quot;size&quot;:10,&quot;sizes&quot;:[]},&quot;link_to&quot;:&quot;file&quot;,&quot;aspect_ratio&quot;:&quot;3:2&quot;,&quot;overlay_background&quot;:&quot;yes&quot;,&quot;content_hover_animation&quot;:&quot;fade-in&quot;}\" data-widget_type=\"gallery.default\">\n\t\t\t\t\t\t\t<div class=\"elementor-gallery__container\">\n\t\t\t\t\t\t\t<a class=\"e-gallery-item elementor-gallery-item elementor-animated-content\" href=\"https:\/\/microsurgi.eu\/wp-content\/uploads\/2026\/04\/31-1.png\" data-elementor-open-lightbox=\"yes\" data-elementor-lightbox-slideshow=\"2de8a9ba\" data-elementor-lightbox-title=\"3[1]\" data-e-action-hash=\"#elementor-action%3Aaction%3Dlightbox%26settings%3DeyJpZCI6NDM0LCJ1cmwiOiJodHRwczpcL1wvbWljcm9zdXJnaS5ldVwvd3AtY29udGVudFwvdXBsb2Fkc1wvMjAyNlwvMDRcLzMxLTEucG5nIiwic2xpZGVzaG93IjoiMmRlOGE5YmEifQ%3D%3D\">\n\t\t\t\t\t<div class=\"e-gallery-image elementor-gallery-item__image\" data-thumbnail=\"https:\/\/microsurgi.eu\/wp-content\/uploads\/2026\/04\/31-1-300x300.png\" data-width=\"300\" data-height=\"300\" aria-label=\"\" role=\"img\" ><\/div>\n\t\t\t\t\t\t\t\t\t\t\t<div class=\"elementor-gallery-item__overlay\"><\/div>\n\t\t\t\t\t\t\t\t\t\t\t\t\t\t<\/a>\n\t\t\t\t\t\t\t<a class=\"e-gallery-item elementor-gallery-item elementor-animated-content\" href=\"https:\/\/microsurgi.eu\/wp-content\/uploads\/2026\/04\/21-1.png\" data-elementor-open-lightbox=\"yes\" data-elementor-lightbox-slideshow=\"2de8a9ba\" data-elementor-lightbox-title=\"2[1]\" data-e-action-hash=\"#elementor-action%3Aaction%3Dlightbox%26settings%3DeyJpZCI6NDMzLCJ1cmwiOiJodHRwczpcL1wvbWljcm9zdXJnaS5ldVwvd3AtY29udGVudFwvdXBsb2Fkc1wvMjAyNlwvMDRcLzIxLTEucG5nIiwic2xpZGVzaG93IjoiMmRlOGE5YmEifQ%3D%3D\">\n\t\t\t\t\t<div class=\"e-gallery-image elementor-gallery-item__image\" data-thumbnail=\"https:\/\/microsurgi.eu\/wp-content\/uploads\/2026\/04\/21-1-300x300.png\" data-width=\"300\" data-height=\"300\" aria-label=\"\" role=\"img\" ><\/div>\n\t\t\t\t\t\t\t\t\t\t\t<div class=\"elementor-gallery-item__overlay\"><\/div>\n\t\t\t\t\t\t\t\t\t\t\t\t\t\t<\/a>\n\t\t\t\t\t\t\t<a class=\"e-gallery-item elementor-gallery-item elementor-animated-content\" href=\"https:\/\/microsurgi.eu\/wp-content\/uploads\/2026\/04\/12.png\" data-elementor-open-lightbox=\"yes\" data-elementor-lightbox-slideshow=\"2de8a9ba\" data-elementor-lightbox-title=\"1[2]\" data-e-action-hash=\"#elementor-action%3Aaction%3Dlightbox%26settings%3DeyJpZCI6NDMyLCJ1cmwiOiJodHRwczpcL1wvbWljcm9zdXJnaS5ldVwvd3AtY29udGVudFwvdXBsb2Fkc1wvMjAyNlwvMDRcLzEyLnBuZyIsInNsaWRlc2hvdyI6IjJkZThhOWJhIn0%3D\">\n\t\t\t\t\t<div class=\"e-gallery-image elementor-gallery-item__image\" data-thumbnail=\"https:\/\/microsurgi.eu\/wp-content\/uploads\/2026\/04\/12-300x300.png\" data-width=\"300\" data-height=\"300\" aria-label=\"\" role=\"img\" ><\/div>\n\t\t\t\t\t\t\t\t\t\t\t<div class=\"elementor-gallery-item__overlay\"><\/div>\n\t\t\t\t\t\t\t\t\t\t\t\t\t\t<\/a>\n\t\t\t\t\t<\/div>\n\t\t\t\t\t<\/div>\n\t\t\t\t<\/div>\n\t\t<div class=\"elementor-element elementor-element-76c5de2 e-con-full e-flex e-con e-child\" data-id=\"76c5de2\" data-element_type=\"container\" data-e-type=\"container\" data-settings=\"{&quot;background_background&quot;:&quot;classic&quot;}\">\n\t\t\t\t<div class=\"elementor-element elementor-element-48bda2af elementor-widget elementor-widget-heading\" data-id=\"48bda2af\" data-element_type=\"widget\" data-e-type=\"widget\" data-widget_type=\"heading.default\">\n\t\t\t\t\t<h2 class=\"elementor-heading-title elementor-size-default\">Pack IVT<\/h2>\t\t\t\t<\/div>\n\t\t\t\t<div class=\"elementor-element elementor-element-43d007fe elementor-widget elementor-widget-text-editor\" data-id=\"43d007fe\" data-element_type=\"widget\" data-e-type=\"widget\" data-widget_type=\"text-editor.default\">\n\t\t\t\t\t\t\t\t\t<p>DESCRIPTION<\/p><p>Pack st\u00e9rile complet pour la r\u00e9alisation d&rsquo;injections intravitr\u00e9ennes (IVT). Indiqu\u00e9 pour le traitement de la DMLA exsudative, l&rsquo;\u0153d\u00e8me maculaire diab\u00e9tique et les occlusions veineuses r\u00e9tiniennes.<\/p><p>Chaque pack est assembl\u00e9 en environnement contr\u00f4l\u00e9 et st\u00e9rilis\u00e9 \u00e0 l&rsquo;oxyde d&rsquo;\u00e9thyl\u00e8ne, conforme aux recommandations de la Soci\u00e9t\u00e9 Fran\u00e7aise d&rsquo;Ophtalmologie (SFO).<\/p><ul><li>Champ op\u00e9ratoire st\u00e9rile fen\u00eatr\u00e9<\/li><li>Bl\u00e9pharostat \u00e0 usage unique<\/li><li>Marqueur Pars Plana Microsurgi<\/li><li>Compresses absorbantes st\u00e9riles<\/li><li>Cupule pour antiseptique<\/li><li>Fl\u00e9chettes absorbantes<\/li><li>Conforme ISO 13485 \u00b7 Marquage CE<\/li><\/ul>\t\t\t\t\t\t\t\t<\/div>\n\t\t\t\t<div class=\"elementor-element elementor-element-433ef871 elementor-align-center elementor-widget elementor-widget-button\" data-id=\"433ef871\" data-element_type=\"widget\" data-e-type=\"widget\" data-settings=\"{&quot;_animation&quot;:&quot;none&quot;,&quot;_animation_delay&quot;:400}\" data-widget_type=\"button.default\">\n\t\t\t\t\t\t\t\t\t\t<a class=\"elementor-button elementor-button-link elementor-size-sm\" href=\"https:\/\/microsurgi.eu\/index.php\/pack-pkr\/\">\n\t\t\t\t\t\t<span class=\"elementor-button-content-wrapper\">\n\t\t\t\t\t\t\t\t\t<span class=\"elementor-button-text\">T\u00e9l\u00e9charger la fiche technique<\/span>\n\t\t\t\t\t<\/span>\n\t\t\t\t\t<\/a>\n\t\t\t\t\t\t\t\t<\/div>\n\t\t\t\t<div class=\"elementor-element elementor-element-52c94012 elementor-align-center elementor-widget elementor-widget-button\" data-id=\"52c94012\" data-element_type=\"widget\" data-e-type=\"widget\" data-settings=\"{&quot;_animation&quot;:&quot;none&quot;,&quot;_animation_delay&quot;:400}\" data-widget_type=\"button.default\">\n\t\t\t\t\t\t\t\t\t\t<a class=\"elementor-button elementor-button-link elementor-size-sm\" href=\"https:\/\/microsurgi.eu\/index.php\/pack-pkr\/\">\n\t\t\t\t\t\t<span class=\"elementor-button-content-wrapper\">\n\t\t\t\t\t\t\t\t\t<span class=\"elementor-button-text\">Contactez nous<\/span>\n\t\t\t\t\t<\/span>\n\t\t\t\t\t<\/a>\n\t\t\t\t\t\t\t\t<\/div>\n\t\t\t\t<\/div>\n\t\t\t\t\t<\/div>\n\t\t\t\t<\/div>\n\t\t\t\t<\/div>\n\t\t","protected":false},"excerpt":{"rendered":"<p>Pack IVT DESCRIPTION Pack st\u00e9rile complet pour la r\u00e9alisation d&rsquo;injections intravitr\u00e9ennes (IVT). Indiqu\u00e9 pour le traitement de la DMLA exsudative, l&rsquo;\u0153d\u00e8me maculaire diab\u00e9tique et les occlusions veineuses r\u00e9tiniennes. Chaque pack est assembl\u00e9 en environnement contr\u00f4l\u00e9 et st\u00e9rilis\u00e9 \u00e0 l&rsquo;oxyde d&rsquo;\u00e9thyl\u00e8ne, conforme aux recommandations de la Soci\u00e9t\u00e9 Fran\u00e7aise d&rsquo;Ophtalmologie (SFO). Champ op\u00e9ratoire st\u00e9rile fen\u00eatr\u00e9 Bl\u00e9pharostat \u00e0 [&hellip;]<\/p>\n","protected":false},"author":1,"featured_media":0,"parent":0,"menu_order":0,"comment_status":"closed","ping_status":"closed","template":"","meta":{"footnotes":""},"class_list":["post-107","page","type-page","status-publish","hentry"],"_links":{"self":[{"href":"https:\/\/microsurgi.eu\/index.php\/wp-json\/wp\/v2\/pages\/107","targetHints":{"allow":["GET"]}}],"collection":[{"href":"https:\/\/microsurgi.eu\/index.php\/wp-json\/wp\/v2\/pages"}],"about":[{"href":"https:\/\/microsurgi.eu\/index.php\/wp-json\/wp\/v2\/types\/page"}],"author":[{"embeddable":true,"href":"https:\/\/microsurgi.eu\/index.php\/wp-json\/wp\/v2\/users\/1"}],"replies":[{"embeddable":true,"href":"https:\/\/microsurgi.eu\/index.php\/wp-json\/wp\/v2\/comments?post=107"}],"version-history":[{"count":7,"href":"https:\/\/microsurgi.eu\/index.php\/wp-json\/wp\/v2\/pages\/107\/revisions"}],"predecessor-version":[{"id":640,"href":"https:\/\/microsurgi.eu\/index.php\/wp-json\/wp\/v2\/pages\/107\/revisions\/640"}],"wp:attachment":[{"href":"https:\/\/microsurgi.eu\/index.php\/wp-json\/wp\/v2\/media?parent=107"}],"curies":[{"name":"wp","href":"https:\/\/api.w.org\/{rel}","templated":true}]}}