{"id":239,"date":"2026-04-09T13:07:34","date_gmt":"2026-04-09T13:07:34","guid":{"rendered":"https:\/\/microsurgi.eu\/?page_id=239"},"modified":"2026-04-16T09:22:38","modified_gmt":"2026-04-16T09:22:38","slug":"pack-personnalisable","status":"publish","type":"page","link":"https:\/\/microsurgi.eu\/index.php\/pack-personnalisable\/","title":{"rendered":"Pack Personnalisable"},"content":{"rendered":"\t\t<div data-elementor-type=\"wp-page\" data-elementor-id=\"239\" class=\"elementor elementor-239\" data-elementor-post-type=\"page\">\n\t\t\t\t<div class=\"elementor-element elementor-element-5643bd31 e-flex e-con-boxed e-con e-parent\" data-id=\"5643bd31\" data-element_type=\"container\" data-e-type=\"container\" data-settings=\"{&quot;background_background&quot;:&quot;slideshow&quot;,&quot;background_slideshow_gallery&quot;:[{&quot;id&quot;:206,&quot;url&quot;:&quot;http:\\\/\\\/microsurgi.eu\\\/wp-content\\\/uploads\\\/2026\\\/04\\\/pexels-roman-muntean-369190311-14513059-1.jpg&quot;}],&quot;background_slideshow_slide_duration&quot;:5000,&quot;background_slideshow_slide_transition&quot;:&quot;fade&quot;,&quot;background_slideshow_transition_duration&quot;:500}\">\n\t\t\t\t\t<div class=\"e-con-inner\">\n\t\t<div class=\"elementor-element elementor-element-57619e56 e-con-full e-flex e-con e-child\" data-id=\"57619e56\" data-element_type=\"container\" data-e-type=\"container\" data-settings=\"{&quot;background_background&quot;:&quot;classic&quot;}\">\n\t\t\t\t<div class=\"elementor-element elementor-element-31a89e72 zoom-produit elementor-widget elementor-widget-image\" data-id=\"31a89e72\" data-element_type=\"widget\" data-e-type=\"widget\" data-widget_type=\"image.default\">\n\t\t\t\t\t\t\t\t\t\t\t\t\t\t\t<img fetchpriority=\"high\" decoding=\"async\" width=\"800\" height=\"534\" src=\"https:\/\/microsurgi.eu\/wp-content\/uploads\/2026\/04\/ChatGPT-Image-8-avr.-2026-14_46_51-1024x683.png\" class=\"attachment-large size-large wp-image-142\" alt=\"\" srcset=\"https:\/\/microsurgi.eu\/wp-content\/uploads\/2026\/04\/ChatGPT-Image-8-avr.-2026-14_46_51-1024x683.png 1024w, https:\/\/microsurgi.eu\/wp-content\/uploads\/2026\/04\/ChatGPT-Image-8-avr.-2026-14_46_51-300x200.png 300w, https:\/\/microsurgi.eu\/wp-content\/uploads\/2026\/04\/ChatGPT-Image-8-avr.-2026-14_46_51-768x512.png 768w, https:\/\/microsurgi.eu\/wp-content\/uploads\/2026\/04\/ChatGPT-Image-8-avr.-2026-14_46_51.png 1536w\" sizes=\"(max-width: 800px) 100vw, 800px\" \/>\t\t\t\t\t\t\t\t\t\t\t\t\t\t\t<\/div>\n\t\t\t\t<div class=\"elementor-element elementor-element-a16d411 elementor-widget elementor-widget-gallery\" data-id=\"a16d411\" data-element_type=\"widget\" data-e-type=\"widget\" data-settings=\"{&quot;columns&quot;:3,&quot;lazyload&quot;:&quot;yes&quot;,&quot;gallery_layout&quot;:&quot;grid&quot;,&quot;columns_tablet&quot;:2,&quot;columns_mobile&quot;:1,&quot;gap&quot;:{&quot;unit&quot;:&quot;px&quot;,&quot;size&quot;:10,&quot;sizes&quot;:[]},&quot;gap_tablet&quot;:{&quot;unit&quot;:&quot;px&quot;,&quot;size&quot;:10,&quot;sizes&quot;:[]},&quot;gap_mobile&quot;:{&quot;unit&quot;:&quot;px&quot;,&quot;size&quot;:10,&quot;sizes&quot;:[]},&quot;link_to&quot;:&quot;file&quot;,&quot;aspect_ratio&quot;:&quot;3:2&quot;,&quot;overlay_background&quot;:&quot;yes&quot;,&quot;content_hover_animation&quot;:&quot;fade-in&quot;}\" data-widget_type=\"gallery.default\">\n\t\t\t\t\t\t\t<div class=\"elementor-gallery__container\">\n\t\t\t\t\t\t\t<a class=\"e-gallery-item elementor-gallery-item elementor-animated-content\" href=\"https:\/\/microsurgi.eu\/wp-content\/uploads\/2026\/04\/31-1.png\" data-elementor-open-lightbox=\"yes\" data-elementor-lightbox-slideshow=\"a16d411\" data-elementor-lightbox-title=\"3[1]\" data-e-action-hash=\"#elementor-action%3Aaction%3Dlightbox%26settings%3DeyJpZCI6NDM0LCJ1cmwiOiJodHRwczpcL1wvbWljcm9zdXJnaS5ldVwvd3AtY29udGVudFwvdXBsb2Fkc1wvMjAyNlwvMDRcLzMxLTEucG5nIiwic2xpZGVzaG93IjoiYTE2ZDQxMSJ9\">\n\t\t\t\t\t<div class=\"e-gallery-image elementor-gallery-item__image\" data-thumbnail=\"https:\/\/microsurgi.eu\/wp-content\/uploads\/2026\/04\/31-1-300x300.png\" data-width=\"300\" data-height=\"300\" aria-label=\"\" role=\"img\" ><\/div>\n\t\t\t\t\t\t\t\t\t\t\t<div class=\"elementor-gallery-item__overlay\"><\/div>\n\t\t\t\t\t\t\t\t\t\t\t\t\t\t<\/a>\n\t\t\t\t\t\t\t<a class=\"e-gallery-item elementor-gallery-item elementor-animated-content\" href=\"https:\/\/microsurgi.eu\/wp-content\/uploads\/2026\/04\/21-1.png\" data-elementor-open-lightbox=\"yes\" data-elementor-lightbox-slideshow=\"a16d411\" data-elementor-lightbox-title=\"2[1]\" data-e-action-hash=\"#elementor-action%3Aaction%3Dlightbox%26settings%3DeyJpZCI6NDMzLCJ1cmwiOiJodHRwczpcL1wvbWljcm9zdXJnaS5ldVwvd3AtY29udGVudFwvdXBsb2Fkc1wvMjAyNlwvMDRcLzIxLTEucG5nIiwic2xpZGVzaG93IjoiYTE2ZDQxMSJ9\">\n\t\t\t\t\t<div class=\"e-gallery-image elementor-gallery-item__image\" data-thumbnail=\"https:\/\/microsurgi.eu\/wp-content\/uploads\/2026\/04\/21-1-300x300.png\" data-width=\"300\" data-height=\"300\" aria-label=\"\" role=\"img\" ><\/div>\n\t\t\t\t\t\t\t\t\t\t\t<div class=\"elementor-gallery-item__overlay\"><\/div>\n\t\t\t\t\t\t\t\t\t\t\t\t\t\t<\/a>\n\t\t\t\t\t\t\t<a class=\"e-gallery-item elementor-gallery-item elementor-animated-content\" href=\"https:\/\/microsurgi.eu\/wp-content\/uploads\/2026\/04\/12.png\" data-elementor-open-lightbox=\"yes\" data-elementor-lightbox-slideshow=\"a16d411\" data-elementor-lightbox-title=\"1[2]\" data-e-action-hash=\"#elementor-action%3Aaction%3Dlightbox%26settings%3DeyJpZCI6NDMyLCJ1cmwiOiJodHRwczpcL1wvbWljcm9zdXJnaS5ldVwvd3AtY29udGVudFwvdXBsb2Fkc1wvMjAyNlwvMDRcLzEyLnBuZyIsInNsaWRlc2hvdyI6ImExNmQ0MTEifQ%3D%3D\">\n\t\t\t\t\t<div class=\"e-gallery-image elementor-gallery-item__image\" data-thumbnail=\"https:\/\/microsurgi.eu\/wp-content\/uploads\/2026\/04\/12-300x300.png\" data-width=\"300\" data-height=\"300\" aria-label=\"\" role=\"img\" ><\/div>\n\t\t\t\t\t\t\t\t\t\t\t<div class=\"elementor-gallery-item__overlay\"><\/div>\n\t\t\t\t\t\t\t\t\t\t\t\t\t\t<\/a>\n\t\t\t\t\t<\/div>\n\t\t\t\t\t<\/div>\n\t\t\t\t<\/div>\n\t\t<div class=\"elementor-element elementor-element-18aed528 e-con-full e-flex e-con e-child\" data-id=\"18aed528\" data-element_type=\"container\" data-e-type=\"container\" data-settings=\"{&quot;background_background&quot;:&quot;classic&quot;}\">\n\t\t\t\t<div class=\"elementor-element elementor-element-24d9b23e elementor-widget elementor-widget-heading\" data-id=\"24d9b23e\" data-element_type=\"widget\" data-e-type=\"widget\" data-widget_type=\"heading.default\">\n\t\t\t\t\t<h2 class=\"elementor-heading-title elementor-size-default\">Pack  Personnalisable<\/h2>\t\t\t\t<\/div>\n\t\t\t\t<div class=\"elementor-element elementor-element-1f3a6041 elementor-widget elementor-widget-text-editor\" data-id=\"1f3a6041\" data-element_type=\"widget\" data-e-type=\"widget\" data-widget_type=\"text-editor.default\">\n\t\t\t\t\t\t\t\t\t<p>DESCRIPTION<\/p><p>Chaque bloc op\u00e9ratoire a ses propres protocoles, \u00e9quipements et contraintes. C&rsquo;est pourquoi Microsurgi propose une offre de packs enti\u00e8rement configurables, assembl\u00e9s selon vos besoins sp\u00e9cifiques.<\/p><p>Que vous pratiquiez la PKR, le Femto-LASIK, des IVT ou toute autre proc\u00e9dure ophtalmologique, nous s\u00e9lectionnons et assemblons les composants qui correspondent exactement \u00e0 votre protocole.<\/p><ul><li>Composition choisie composant par composant<\/li><li>Conditionnement adapt\u00e9 \u00e0 vos volumes<\/li><li>\u00c9tiquetage et tra\u00e7abilit\u00e9 personnalis\u00e9s<\/li><li>Compatible PKR, Femto-LASIK, IVT et autres proc\u00e9dures<\/li><li>Livraison cadenc\u00e9e selon vos besoins op\u00e9ratoires<\/li><li>Conforme ISO 13485 \u00b7 Marquage CE<\/li><\/ul>\t\t\t\t\t\t\t\t<\/div>\n\t\t\t\t<div class=\"elementor-element elementor-element-314fbefc elementor-align-center elementor-widget elementor-widget-button\" data-id=\"314fbefc\" data-element_type=\"widget\" data-e-type=\"widget\" data-settings=\"{&quot;_animation&quot;:&quot;none&quot;,&quot;_animation_delay&quot;:400}\" data-widget_type=\"button.default\">\n\t\t\t\t\t\t\t\t\t\t<a class=\"elementor-button elementor-button-link elementor-size-sm\" href=\"https:\/\/microsurgi.eu\/index.php\/pack-pkr\/\">\n\t\t\t\t\t\t<span class=\"elementor-button-content-wrapper\">\n\t\t\t\t\t\t\t\t\t<span class=\"elementor-button-text\">Contactez nous<\/span>\n\t\t\t\t\t<\/span>\n\t\t\t\t\t<\/a>\n\t\t\t\t\t\t\t\t<\/div>\n\t\t\t\t<\/div>\n\t\t\t\t\t<\/div>\n\t\t\t\t<\/div>\n\t\t\t\t<\/div>\n\t\t","protected":false},"excerpt":{"rendered":"<p>Pack Personnalisable DESCRIPTION Chaque bloc op\u00e9ratoire a ses propres protocoles, \u00e9quipements et contraintes. C&rsquo;est pourquoi Microsurgi propose une offre de packs enti\u00e8rement configurables, assembl\u00e9s selon vos besoins sp\u00e9cifiques. Que vous pratiquiez la PKR, le Femto-LASIK, des IVT ou toute autre proc\u00e9dure ophtalmologique, nous s\u00e9lectionnons et assemblons les composants qui correspondent exactement \u00e0 votre protocole. Composition [&hellip;]<\/p>\n","protected":false},"author":1,"featured_media":0,"parent":0,"menu_order":0,"comment_status":"closed","ping_status":"closed","template":"","meta":{"footnotes":""},"class_list":["post-239","page","type-page","status-publish","hentry"],"_links":{"self":[{"href":"https:\/\/microsurgi.eu\/index.php\/wp-json\/wp\/v2\/pages\/239","targetHints":{"allow":["GET"]}}],"collection":[{"href":"https:\/\/microsurgi.eu\/index.php\/wp-json\/wp\/v2\/pages"}],"about":[{"href":"https:\/\/microsurgi.eu\/index.php\/wp-json\/wp\/v2\/types\/page"}],"author":[{"embeddable":true,"href":"https:\/\/microsurgi.eu\/index.php\/wp-json\/wp\/v2\/users\/1"}],"replies":[{"embeddable":true,"href":"https:\/\/microsurgi.eu\/index.php\/wp-json\/wp\/v2\/comments?post=239"}],"version-history":[{"count":7,"href":"https:\/\/microsurgi.eu\/index.php\/wp-json\/wp\/v2\/pages\/239\/revisions"}],"predecessor-version":[{"id":657,"href":"https:\/\/microsurgi.eu\/index.php\/wp-json\/wp\/v2\/pages\/239\/revisions\/657"}],"wp:attachment":[{"href":"https:\/\/microsurgi.eu\/index.php\/wp-json\/wp\/v2\/media?parent=239"}],"curies":[{"name":"wp","href":"https:\/\/api.w.org\/{rel}","templated":true}]}}